{"id":400,"date":"2018-12-19T07:52:27","date_gmt":"2018-12-19T07:52:27","guid":{"rendered":"https:\/\/dulich.mauwebwp.com\/019\/?post_type=product&#038;p=400"},"modified":"2018-12-19T08:19:11","modified_gmt":"2018-12-19T08:19:11","slug":"tour-da-nang-hoi-3n2d","status":"publish","type":"product","link":"https:\/\/dulich.mauwebwp.com\/019\/tour-da-nang-hoi-3n2d\/","title":{"rendered":"Tour \u0110\u00e0 N\u1eb5ng &#8211; H\u1ed9i An 3N2\u0110"},"content":{"rendered":"<p>N\u00f3i \u0111\u1ebfn \u0110\u00e0 N\u1eb5ng l\u00e0 du kh\u00e1ch c\u00f3 th\u1ec3 h\u00ecnh dung ngay r\u1eb1ng \u0111\u00f3 l\u00e0 m\u1ed9t th\u00e0nh ph\u1ed1 tuy\u1ec7t \u0111\u1eb9p b\u00ean s\u00f4ng H\u00e0n, b\u00ean b\u1edd bi\u1ec3n \u0110\u00f4ng v\u1edbi nh\u1eefng n\u00e9t quy\u1ebfn r\u0169 ch\u01b0a t\u1eebng c\u00f3 \u1edf c\u00e1c \u0111\u00f4 th\u1ecb bi\u1ec3n kh\u00e1c\u2026N\u00f3i \u0111\u1ebfn \u0110\u00e0 N\u1eb5ng kh\u00f4ng th\u1ec3 kh\u00f4ng nh\u1eafc \u0111\u1ebfn d\u00f2ng s\u00f4ng H\u00e0n th\u01a1 m\u1ed9ng v\u1edbi nh\u1eefng c\u00e2y c\u1ea7u \u0111\u01b0\u1ee3c xem l\u00e0 bi\u1ec3u t\u01b0\u1edfng c\u1ee7a th\u00e0nh ph\u1ed1. Bi\u1ec3n c\u0169ng l\u00e0 ngu\u1ed3n c\u1ea3m h\u1ee9ng du l\u1ecbch v\u00f4 t\u1eadn m\u00e0 \u0110\u00e0 N\u1eb5ng c\u00f3 \u0111\u01b0\u1ee3c. Ng\u0169 H\u00e0nh S\u01a1n , B\u00e1n \u0111\u1ea3o S\u01a1n Tr\u00e0, B\u00e0 N\u00e0&#8230;l\u00e0 nh\u1eefng n\u01a1i kh\u00f4ng th\u1ec3 b\u1ecf qua khi b\u1ea1n \u0111\u1ebfn n\u01a1i \u0111\u00e2y.<br \/>\n<strong><em>Tour du l\u1ecbch \u0110\u00e0 N\u1eb5ng<\/em><\/strong><em>\u00a0s\u1ebd \u0111\u01b0a qu\u00fd kh\u00e1ch \u0111\u1ebfn v\u1edbi th\u00e0nh ph\u1ed1 bi\u1ec3n \u0110\u00e0 N\u1eb5ng &#8211; n\u01a1i m\u00e0 b\u1ea1n c\u00f3 th\u1ec3 c\u1ea3m nh\u1eadn \u0111\u01b0\u1ee3c b\u1ed1n m\u00f9a xu\u00e2n h\u1ea1 thu \u0111\u00f4ng trong 1 ng\u00e0y.\u00a0<\/em><em>Du l\u1ecbch Vi\u1ec7t Nam<\/em><em>\u00a0xin gi\u1edbi thi\u1ec7u\u00a0<strong>ch\u00f9m tour du l\u1ecbch \u0110\u00e0 N\u1eb5ng\u00a0<\/strong>t\u1eeb 1 &#8211; 5 ng\u00e0y c\u1ef1c h\u1ea5p d\u1eabn. Ch\u00fang t\u00f4i t\u1ef1 h\u00e0o l\u00e0 c\u00f4ng ty du l\u1ecbch t\u1ed5 ch\u1ee9c t<strong>our du l\u1ecbch \u0110\u00e0 N\u1eb5ng gi\u00e1 r\u1ebb nh\u1ea5t<\/strong>\u00a0mi\u1ec1n b\u1eafc hi\u1ec7n nay.<\/em><\/p>\n<p>&nbsp;<\/p>\n","protected":false},"excerpt":{"rendered":"<p>N\u00f3i \u0111\u1ebfn \u0110\u00e0 N\u1eb5ng l\u00e0 du kh\u00e1ch c\u00f3 th\u1ec3 h\u00ecnh dung ngay r\u1eb1ng \u0111\u00f3 l\u00e0 m\u1ed9t th\u00e0nh ph\u1ed1 tuy\u1ec7t \u0111\u1eb9p b\u00ean s\u00f4ng H\u00e0n, b\u00ean b\u1edd bi\u1ec3n \u0110\u00f4ng v\u1edbi nh\u1eefng n\u00e9t quy\u1ebfn r\u0169 ch\u01b0a t\u1eebng c\u00f3 \u1edf c\u00e1c \u0111\u00f4 th\u1ecb bi\u1ec3n kh\u00e1c\u2026N\u00f3i \u0111\u1ebfn \u0110\u00e0 N\u1eb5ng kh\u00f4ng th\u1ec3 kh\u00f4ng nh\u1eafc \u0111\u1ebfn d\u00f2ng s\u00f4ng H\u00e0n th\u01a1 m\u1ed9ng v\u1edbi&#8230;<\/p>\n","protected":false},"featured_media":406,"comment_status":"open","ping_status":"closed","template":"","meta":[],"product_cat":[27],"product_tag":[],"_links":{"self":[{"href":"https:\/\/dulich.mauwebwp.com\/019\/wp-json\/wp\/v2\/product\/400"}],"collection":[{"href":"https:\/\/dulich.mauwebwp.com\/019\/wp-json\/wp\/v2\/product"}],"about":[{"href":"https:\/\/dulich.mauwebwp.com\/019\/wp-json\/wp\/v2\/types\/product"}],"replies":[{"embeddable":true,"href":"https:\/\/dulich.mauwebwp.com\/019\/wp-json\/wp\/v2\/comments?post=400"}],"wp:featuredmedia":[{"embeddable":true,"href":"https:\/\/dulich.mauwebwp.com\/019\/wp-json\/wp\/v2\/media\/406"}],"wp:attachment":[{"href":"https:\/\/dulich.mauwebwp.com\/019\/wp-json\/wp\/v2\/media?parent=400"}],"wp:term":[{"taxonomy":"product_cat","embeddable":true,"href":"https:\/\/dulich.mauwebwp.com\/019\/wp-json\/wp\/v2\/product_cat?post=400"},{"taxonomy":"product_tag","embeddable":true,"href":"https:\/\/dulich.mauwebwp.com\/019\/wp-json\/wp\/v2\/product_tag?post=400"}],"curies":[{"name":"wp","href":"https:\/\/api.w.org\/{rel}","templated":true}]}}