{"id":411,"date":"2018-12-19T08:17:56","date_gmt":"2018-12-19T08:17:56","guid":{"rendered":"https:\/\/dulich.mauwebwp.com\/019\/?post_type=product&#038;p=411"},"modified":"2018-12-19T08:17:57","modified_gmt":"2018-12-19T08:17:57","slug":"tour-nha-trang-4-ngay-3-dem","status":"publish","type":"product","link":"https:\/\/dulich.mauwebwp.com\/019\/tour-nha-trang-4-ngay-3-dem\/","title":{"rendered":"Tour Nha Trang 4 ng\u00e0y 3 \u0111\u00eam"},"content":{"rendered":"<p>\u0110i\u00a0<strong>tour du l\u1ecbch Nha Trang 4N3\u0110<\/strong>, b\u1ea1n c\u00f3 d\u1ecbp \u0111\u1ebfn v\u1edbi bi\u1ec3n Nha Trang tuy\u1ec7t \u0111\u1eb9p, khu du l\u1ecbch H\u00f2n Ng\u1ecdc Vi\u1ec7t 5* \u1ea5n t\u01b0\u1ee3ng, h\u00f2n Mun H\u00f2n T\u1eb1m v\u1edbi r\u1ea1n san h\u00f4 l\u1ed9ng l\u1eaby d\u01b0\u1edbi \u0111\u00e1y \u0111\u1ea1i d\u01b0\u01a1ng, ng\u1eafm v\u1ecbnh Ninh V\u00e2n, v\u1ecbnh V\u00e2n Phong hoang s\u01a1, thu\u1ea7n khi\u1ebft. Th\u00eam v\u00e0o \u0111\u00f3, Vi\u1ec7n H\u1ea3i d\u01b0\u01a1ng h\u1ecdc Nha Trang, th\u00e1p B\u00e0 Ponagar c\u0169ng \u0111\u01b0\u1ee3c thi\u1ebft k\u1ebf v\u00e0o ch\u01b0\u01a1ng tr\u00ecnh tour. Ngay d\u01b0\u1edbi \u0111\u00e2y l\u00e0 l\u1ecbch tr\u00ecnh chi ti\u1ebft, b\u1ea1n c\u00f3 th\u1ec3 tham kh\u1ea3o:<\/p>\n<p>&nbsp;<\/p>\n","protected":false},"excerpt":{"rendered":"<p>\u0110i\u00a0tour du l\u1ecbch Nha Trang 4N3\u0110, b\u1ea1n c\u00f3 d\u1ecbp \u0111\u1ebfn v\u1edbi bi\u1ec3n Nha Trang tuy\u1ec7t \u0111\u1eb9p, khu du l\u1ecbch H\u00f2n Ng\u1ecdc Vi\u1ec7t 5* \u1ea5n t\u01b0\u1ee3ng, h\u00f2n Mun H\u00f2n T\u1eb1m v\u1edbi r\u1ea1n san h\u00f4 l\u1ed9ng l\u1eaby d\u01b0\u1edbi \u0111\u00e1y \u0111\u1ea1i d\u01b0\u01a1ng, ng\u1eafm v\u1ecbnh Ninh V\u00e2n, v\u1ecbnh V\u00e2n Phong hoang s\u01a1, thu\u1ea7n khi\u1ebft. Th\u00eam v\u00e0o \u0111\u00f3, Vi\u1ec7n H\u1ea3i&#8230;<\/p>\n","protected":false},"featured_media":412,"comment_status":"open","ping_status":"closed","template":"","meta":[],"product_cat":[34,27],"product_tag":[],"_links":{"self":[{"href":"https:\/\/dulich.mauwebwp.com\/019\/wp-json\/wp\/v2\/product\/411"}],"collection":[{"href":"https:\/\/dulich.mauwebwp.com\/019\/wp-json\/wp\/v2\/product"}],"about":[{"href":"https:\/\/dulich.mauwebwp.com\/019\/wp-json\/wp\/v2\/types\/product"}],"replies":[{"embeddable":true,"href":"https:\/\/dulich.mauwebwp.com\/019\/wp-json\/wp\/v2\/comments?post=411"}],"wp:featuredmedia":[{"embeddable":true,"href":"https:\/\/dulich.mauwebwp.com\/019\/wp-json\/wp\/v2\/media\/412"}],"wp:attachment":[{"href":"https:\/\/dulich.mauwebwp.com\/019\/wp-json\/wp\/v2\/media?parent=411"}],"wp:term":[{"taxonomy":"product_cat","embeddable":true,"href":"https:\/\/dulich.mauwebwp.com\/019\/wp-json\/wp\/v2\/product_cat?post=411"},{"taxonomy":"product_tag","embeddable":true,"href":"https:\/\/dulich.mauwebwp.com\/019\/wp-json\/wp\/v2\/product_tag?post=411"}],"curies":[{"name":"wp","href":"https:\/\/api.w.org\/{rel}","templated":true}]}}